{"id":20,"date":"2023-11-22T20:42:03","date_gmt":"2023-11-22T20:42:03","guid":{"rendered":"https:\/\/SISyMT.desysa.net\/?page_id=20"},"modified":"2025-05-07T13:45:09","modified_gmt":"2025-05-07T13:45:09","slug":"elementor-20","status":"publish","type":"page","link":"https:\/\/SISyMT.desysa.net\/?page_id=20","title":{"rendered":"Geoposici\u00f3n Viejita"},"content":{"rendered":"\t\t<div data-elementor-type=\"wp-post\" data-elementor-id=\"20\" class=\"elementor elementor-20\">\n\t\t\t\t<div class=\"elementor-element elementor-element-ba3c10d e-flex e-con-boxed e-con e-parent\" data-id=\"ba3c10d\" data-element_type=\"container\" data-e-type=\"container\">\n\t\t\t\t\t<div class=\"e-con-inner\">\n\t\t\t\t<div class=\"elementor-element elementor-element-cec3d26 elementor-widget elementor-widget-heading\" data-id=\"cec3d26\" data-element_type=\"widget\" data-e-type=\"widget\" data-widget_type=\"heading.default\">\n\t\t\t\t<div class=\"elementor-widget-container\">\n\t\t\t\t\t<h2 class=\"elementor-heading-title elementor-size-default\">Geoposici\u00f3n Geogr\u00e1fica<\/h2>\t\t\t\t<\/div>\n\t\t\t\t<\/div>\n\t\t\t\t<div class=\"elementor-element elementor-element-c749334 elementor-widget elementor-widget-image\" data-id=\"c749334\" data-element_type=\"widget\" data-e-type=\"widget\" data-widget_type=\"image.default\">\n\t\t\t\t<div class=\"elementor-widget-container\">\n\t\t\t\t\t\t\t\t\t\t\t\t<figure class=\"wp-caption\">\n\t\t\t\t\t\t\t\t\t\t\t<a href=\"http:\/\/desysa.net\/osticket\/index.php\" target=\"_blank\">\n\t\t\t\t\t\t\t<img decoding=\"async\" width=\"300\" height=\"153\" src=\"https:\/\/SISyMT.desysa.net\/wp-content\/uploads\/2023\/12\/customer-support-contact-us-woman-with-headphones-and-microphone-talking-with-clients-on-computer-screen-personal-assistant-service-hotline-operator-advises-customer-online-technical-support-vector-300x153.jpg\" class=\"elementor-animation-pulse attachment-medium size-medium wp-image-146\" alt=\"\" srcset=\"https:\/\/SISyMT.desysa.net\/wp-content\/uploads\/2023\/12\/customer-support-contact-us-woman-with-headphones-and-microphone-talking-with-clients-on-computer-screen-personal-assistant-service-hotline-operator-advises-customer-online-technical-support-vector-300x153.jpg 300w, https:\/\/SISyMT.desysa.net\/wp-content\/uploads\/2023\/12\/customer-support-contact-us-woman-with-headphones-and-microphone-talking-with-clients-on-computer-screen-personal-assistant-service-hotline-operator-advises-customer-online-technical-support-vector.jpg 393w\" sizes=\"(max-width: 300px) 100vw, 300px\" \/>\t\t\t\t\t\t\t\t<\/a>\n\t\t\t\t\t\t\t\t\t\t\t<figcaption class=\"widget-image-caption wp-caption-text\"><\/figcaption>\n\t\t\t\t\t\t\t\t\t\t<\/figure>\n\t\t\t\t\t\t\t\t\t<\/div>\n\t\t\t\t<\/div>\n\t\t\t\t\t<\/div>\n\t\t\t\t<\/div>\n\t\t<div class=\"elementor-element elementor-element-a113d0c e-grid e-con-full elementor-invisible e-con e-parent\" data-id=\"a113d0c\" data-element_type=\"container\" data-e-type=\"container\" data-settings=\"{&quot;animation&quot;:&quot;tada&quot;}\">\n\t\t\t\t<div class=\"elementor-element elementor-element-349c813 elementor-align-center elementor-widget elementor-widget-button\" data-id=\"349c813\" data-element_type=\"widget\" data-e-type=\"widget\" data-widget_type=\"button.default\">\n\t\t\t\t<div class=\"elementor-widget-container\">\n\t\t\t\t\t\t\t\t\t<div class=\"elementor-button-wrapper\">\n\t\t\t\t\t<a class=\"elementor-button elementor-button-link elementor-size-sm elementor-animation-bounce-out\" href=\"https:\/\/earth.google.com\/earth\/d\/1ktg51AvimpN1uzh5tJ3FPJ6qfkFIgCRE?usp=sharing\" target=\"_blank\">\n\t\t\t\t\t\t<span class=\"elementor-button-content-wrapper\">\n\t\t\t\t\t\t\t\t\t<span class=\"elementor-button-text\">Generales<\/span>\n\t\t\t\t\t<\/span>\n\t\t\t\t\t<\/a>\n\t\t\t\t<\/div>\n\t\t\t\t\t\t\t\t<\/div>\n\t\t\t\t<\/div>\n\t\t\t\t<div class=\"elementor-element elementor-element-a92edde elementor-align-center elementor-widget elementor-widget-button\" data-id=\"a92edde\" data-element_type=\"widget\" data-e-type=\"widget\" data-widget_type=\"button.default\">\n\t\t\t\t<div class=\"elementor-widget-container\">\n\t\t\t\t\t\t\t\t\t<div class=\"elementor-button-wrapper\">\n\t\t\t\t\t<a class=\"elementor-button elementor-button-link elementor-size-sm elementor-animation-bounce-out\" href=\"https:\/\/earth.google.com\/earth\/d\/1p6Vl6xDiQ07nB9itVqovZ6JGG0iSBaxx?usp=sharing\" target=\"_blank\">\n\t\t\t\t\t\t<span class=\"elementor-button-content-wrapper\">\n\t\t\t\t\t\t\t\t\t<span class=\"elementor-button-text\">T\u00e9cnicas<\/span>\n\t\t\t\t\t<\/span>\n\t\t\t\t\t<\/a>\n\t\t\t\t<\/div>\n\t\t\t\t\t\t\t\t<\/div>\n\t\t\t\t<\/div>\n\t\t\t\t<div class=\"elementor-element elementor-element-4f6a6d0 elementor-align-center elementor-widget elementor-widget-button\" data-id=\"4f6a6d0\" data-element_type=\"widget\" data-e-type=\"widget\" data-widget_type=\"button.default\">\n\t\t\t\t<div class=\"elementor-widget-container\">\n\t\t\t\t\t\t\t\t\t<div class=\"elementor-button-wrapper\">\n\t\t\t\t\t<a class=\"elementor-button elementor-button-link elementor-size-sm elementor-animation-bounce-out\" href=\"https:\/\/earth.google.com\/earth\/d\/1r4KKaXUitO9GRUexQWd0apaJIbrJ3rqE?usp=sharing\" target=\"_blank\">\n\t\t\t\t\t\t<span class=\"elementor-button-content-wrapper\">\n\t\t\t\t\t\t\t\t\t<span class=\"elementor-button-text\">Telesecundarias<\/span>\n\t\t\t\t\t<\/span>\n\t\t\t\t\t<\/a>\n\t\t\t\t<\/div>\n\t\t\t\t\t\t\t\t<\/div>\n\t\t\t\t<\/div>\n\t\t\t\t<div class=\"elementor-element elementor-element-0a3e7b2 elementor-align-right elementor-widget elementor-widget-button\" data-id=\"0a3e7b2\" data-element_type=\"widget\" data-e-type=\"widget\" data-widget_type=\"button.default\">\n\t\t\t\t<div class=\"elementor-widget-container\">\n\t\t\t\t\t\t\t\t\t<div class=\"elementor-button-wrapper\">\n\t\t\t\t\t<a class=\"elementor-button elementor-button-link elementor-size-sm elementor-animation-bounce-out\" href=\"https:\/\/earth.google.com\/web\/@19.3895665,-99.392625,3178.85026962a,161092.37578451d,30y,0h,0t,0r\/data=MigKJgokCiAxMS1kOWRGeDBnQTBzS1JIQ0s5V3Zyc1NYcVp5dTBaZyACOgMKATA\" target=\"_blank\">\n\t\t\t\t\t\t<span class=\"elementor-button-content-wrapper\">\n\t\t\t\t\t\t\t\t\t<span class=\"elementor-button-text\">Sectores<\/span>\n\t\t\t\t\t<\/span>\n\t\t\t\t\t<\/a>\n\t\t\t\t<\/div>\n\t\t\t\t\t\t\t\t<\/div>\n\t\t\t\t<\/div>\n\t\t\t\t<div class=\"elementor-element elementor-element-9e2a3fa elementor-align-center elementor-widget elementor-widget-button\" data-id=\"9e2a3fa\" data-element_type=\"widget\" data-e-type=\"widget\" data-widget_type=\"button.default\">\n\t\t\t\t<div class=\"elementor-widget-container\">\n\t\t\t\t\t\t\t\t\t<div class=\"elementor-button-wrapper\">\n\t\t\t\t\t<a class=\"elementor-button elementor-button-link elementor-size-sm elementor-animation-bounce-out\" href=\"https:\/\/earth.google.com\/web\/@19.4171317,-99.45340275,2849.31074062a,206955.3593185d,30y,0h,0t,0r\/data=MigKJgokCiAxZUpPMWFZRG1nREpDeGQyeWN4emZkU2t5dmFmOEJ6byACOgMKATA\">\n\t\t\t\t\t\t<span class=\"elementor-button-content-wrapper\">\n\t\t\t\t\t\t\t\t\t<span class=\"elementor-button-text\">Supervisiones<\/span>\n\t\t\t\t\t<\/span>\n\t\t\t\t\t<\/a>\n\t\t\t\t<\/div>\n\t\t\t\t\t\t\t\t<\/div>\n\t\t\t\t<\/div>\n\t\t\t\t<div class=\"elementor-element elementor-element-d4e61b3 elementor-align-center elementor-widget elementor-widget-button\" data-id=\"d4e61b3\" data-element_type=\"widget\" data-e-type=\"widget\" data-widget_type=\"button.default\">\n\t\t\t\t<div class=\"elementor-widget-container\">\n\t\t\t\t\t\t\t\t\t<div class=\"elementor-button-wrapper\">\n\t\t\t\t\t<a class=\"elementor-button elementor-button-link elementor-size-sm elementor-animation-bounce-out\" href=\"https:\/\/earth.google.com\/web\/@19.42761858,-99.47950529,2698.08970482a,204849.56623582d,30y,0h,0t,0r\/data=MigKJgokCiAxbWN1X1hNSmd5T2Y1T0pLVVNRUW5TUkc5NndGYmlYMCACOgMKATA\">\n\t\t\t\t\t\t<span class=\"elementor-button-content-wrapper\">\n\t\t\t\t\t\t\t\t\t<span class=\"elementor-button-text\">Supervisiones Educaci\u00f3n Fisica<\/span>\n\t\t\t\t\t<\/span>\n\t\t\t\t\t<\/a>\n\t\t\t\t<\/div>\n\t\t\t\t\t\t\t\t<\/div>\n\t\t\t\t<\/div>\n\t\t\t\t<\/div>\n\t\t<div class=\"elementor-element elementor-element-601c91e e-grid e-con-full e-con e-parent\" data-id=\"601c91e\" data-element_type=\"container\" data-e-type=\"container\" data-settings=\"{&quot;background_background&quot;:&quot;gradient&quot;}\">\n\t\t\t\t<div class=\"elementor-element elementor-element-1bac4f5 elementor-position-top elementor-widget elementor-widget-image-box\" data-id=\"1bac4f5\" data-element_type=\"widget\" data-e-type=\"widget\" data-widget_type=\"image-box.default\">\n\t\t\t\t<div class=\"elementor-widget-container\">\n\t\t\t\t\t<div class=\"elementor-image-box-wrapper\"><figure class=\"elementor-image-box-img\"><img fetchpriority=\"high\" decoding=\"async\" width=\"300\" height=\"283\" src=\"https:\/\/SISyMT.desysa.net\/wp-content\/uploads\/2023\/11\/imagen_2023-09-06_113223012-300x283-1.png\" class=\"elementor-animation-buzz attachment-full size-full wp-image-12\" alt=\"\" \/><\/figure><div class=\"elementor-image-box-content\"><h3 class=\"elementor-image-box-title\">\u00bfQu\u00e9 es?<\/h3><p class=\"elementor-image-box-description\">Es un sistema de geolocalizaci\u00f3n, que permite conocer la ubicaci\u00f3n geogr\u00e1fica de cada una de las escuelas de educaci\u00f3n secundaria general, t\u00e9cnica y telesecundaria de los Servicios Educativos Integrados al Estado de M\u00e9xico; mostrar\u00e1 cada uno de los planteles en 3D, as\u00ed como sus edificios, instalaciones y los lugares cercanos mediante fotograf\u00edas panor\u00e1micas a pie de calle mediante el uso de herramientas tecnol\u00f3gicas.<\/p><\/div><\/div>\t\t\t\t<\/div>\n\t\t\t\t<\/div>\n\t\t\t\t<div class=\"elementor-element elementor-element-cc38d07 elementor-position-top elementor-widget elementor-widget-image-box\" data-id=\"cc38d07\" data-element_type=\"widget\" data-e-type=\"widget\" data-widget_type=\"image-box.default\">\n\t\t\t\t<div class=\"elementor-widget-container\">\n\t\t\t\t\t<div class=\"elementor-image-box-wrapper\"><figure class=\"elementor-image-box-img\"><img decoding=\"async\" width=\"782\" height=\"521\" src=\"https:\/\/SISyMT.desysa.net\/wp-content\/uploads\/2023\/11\/featured-content-2.jpg\" class=\"elementor-animation-buzz-out attachment-full size-full wp-image-43\" alt=\"\" srcset=\"https:\/\/SISyMT.desysa.net\/wp-content\/uploads\/2023\/11\/featured-content-2.jpg 782w, https:\/\/SISyMT.desysa.net\/wp-content\/uploads\/2023\/11\/featured-content-2-300x200.jpg 300w, https:\/\/SISyMT.desysa.net\/wp-content\/uploads\/2023\/11\/featured-content-2-768x512.jpg 768w\" sizes=\"(max-width: 782px) 100vw, 782px\" \/><\/figure><div class=\"elementor-image-box-content\"><h3 class=\"elementor-image-box-title\">\u00bfQu\u00e9 ofrece?<\/h3><p class=\"elementor-image-box-description\">Visualizar, por clave de centro de trabajo, la ubicaci\u00f3n de las escuelas de educaci\u00f3n secundaria mediante im\u00e1genes satelitales y mapas con vista panor\u00e1mica de 360 grados de fotograf\u00edas de la calle en la que se encuentra el plantel de su inter\u00e9s; as\u00ed como de lugares de inter\u00e9s cercanos.<\/p><\/div><\/div>\t\t\t\t<\/div>\n\t\t\t\t<\/div>\n\t\t\t\t<div class=\"elementor-element elementor-element-1185d40 elementor-position-top elementor-widget elementor-widget-image-box\" data-id=\"1185d40\" data-element_type=\"widget\" data-e-type=\"widget\" data-widget_type=\"image-box.default\">\n\t\t\t\t<div class=\"elementor-widget-container\">\n\t\t\t\t\t<div class=\"elementor-image-box-wrapper\"><figure class=\"elementor-image-box-img\"><img loading=\"lazy\" decoding=\"async\" width=\"365\" height=\"718\" src=\"https:\/\/SISyMT.desysa.net\/wp-content\/uploads\/2023\/11\/9E537138-CB3D-4925-9F15-8C0B2C99D3CC-1.jpeg\" class=\"elementor-animation-wobble-skew attachment-full size-full wp-image-13\" alt=\"\" srcset=\"https:\/\/SISyMT.desysa.net\/wp-content\/uploads\/2023\/11\/9E537138-CB3D-4925-9F15-8C0B2C99D3CC-1.jpeg 365w, https:\/\/SISyMT.desysa.net\/wp-content\/uploads\/2023\/11\/9E537138-CB3D-4925-9F15-8C0B2C99D3CC-1-153x300.jpeg 153w\" sizes=\"(max-width: 365px) 100vw, 365px\" \/><\/figure><div class=\"elementor-image-box-content\"><h3 class=\"elementor-image-box-title\">\u00bfPara qu\u00e9 sirve?<\/h3><p class=\"elementor-image-box-description\">Obtener la ubicaci\u00f3n de la escuela que le interesa. Identificar lugares cercanos a los planteles de su inter\u00e9s; como bibliotecas, parques o centros recreativos, estaciones de transporte, entre otros. Planificar mejor tu ruta diaria para llegar a la escuela y elegir el medio de transporte m\u00e1s conveniente. Familiarizarte con la ubicaci\u00f3n de tu escuela y conocer las rutas m\u00e1s seguras para llegar.<\/p><\/div><\/div>\t\t\t\t<\/div>\n\t\t\t\t<\/div>\n\t\t\t\t<div class=\"elementor-element elementor-element-f302b7d elementor-position-top elementor-widget elementor-widget-image-box\" data-id=\"f302b7d\" data-element_type=\"widget\" data-e-type=\"widget\" data-widget_type=\"image-box.default\">\n\t\t\t\t<div class=\"elementor-widget-container\">\n\t\t\t\t\t<div class=\"elementor-image-box-wrapper\"><figure class=\"elementor-image-box-img\"><img loading=\"lazy\" decoding=\"async\" width=\"522\" height=\"252\" src=\"https:\/\/SISyMT.desysa.net\/wp-content\/uploads\/2023\/11\/tutorial.png\" class=\"elementor-animation-pop attachment-full size-full wp-image-14\" alt=\"\" srcset=\"https:\/\/SISyMT.desysa.net\/wp-content\/uploads\/2023\/11\/tutorial.png 522w, https:\/\/SISyMT.desysa.net\/wp-content\/uploads\/2023\/11\/tutorial-300x145.png 300w\" sizes=\"(max-width: 522px) 100vw, 522px\" \/><\/figure><div class=\"elementor-image-box-content\"><h3 class=\"elementor-image-box-title\">Tutorial<\/h3><p class=\"elementor-image-box-description\">Para ubicar f\u00e1cilmente nuestras escuelas, mira el siguiente video :<br>\n\n<\/p><\/div><\/div>\t\t\t\t<\/div>\n\t\t\t\t<\/div>\n\t\t\t\t<\/div>\n\t\t\t\t<\/div>\n\t\t","protected":false},"excerpt":{"rendered":"<p>Geoposici\u00f3n Geogr\u00e1fica Generales T\u00e9cnicas Telesecundarias Sectores Supervisiones Supervisiones Educaci\u00f3n Fisica \u00bfQu\u00e9 es? Es un sistema de geolocalizaci\u00f3n, que permite conocer la ubicaci\u00f3n geogr\u00e1fica de cada una de las escuelas de educaci\u00f3n secundaria general, t\u00e9cnica y telesecundaria de los Servicios Educativos Integrados al Estado de M\u00e9xico; mostrar\u00e1 cada uno de los planteles en 3D, as\u00ed como [&hellip;]<\/p>\n","protected":false},"author":1,"featured_media":0,"parent":0,"menu_order":0,"comment_status":"closed","ping_status":"closed","template":"","meta":{"footnotes":""},"class_list":["post-20","page","type-page","status-publish","hentry"],"_links":{"self":[{"href":"https:\/\/SISyMT.desysa.net\/index.php?rest_route=\/wp\/v2\/pages\/20","targetHints":{"allow":["GET"]}}],"collection":[{"href":"https:\/\/SISyMT.desysa.net\/index.php?rest_route=\/wp\/v2\/pages"}],"about":[{"href":"https:\/\/SISyMT.desysa.net\/index.php?rest_route=\/wp\/v2\/types\/page"}],"author":[{"embeddable":true,"href":"https:\/\/SISyMT.desysa.net\/index.php?rest_route=\/wp\/v2\/users\/1"}],"replies":[{"embeddable":true,"href":"https:\/\/SISyMT.desysa.net\/index.php?rest_route=%2Fwp%2Fv2%2Fcomments&post=20"}],"version-history":[{"count":125,"href":"https:\/\/SISyMT.desysa.net\/index.php?rest_route=\/wp\/v2\/pages\/20\/revisions"}],"predecessor-version":[{"id":201,"href":"https:\/\/SISyMT.desysa.net\/index.php?rest_route=\/wp\/v2\/pages\/20\/revisions\/201"}],"wp:attachment":[{"href":"https:\/\/SISyMT.desysa.net\/index.php?rest_route=%2Fwp%2Fv2%2Fmedia&parent=20"}],"curies":[{"name":"wp","href":"https:\/\/api.w.org\/{rel}","templated":true}]}}